{"id":82,"date":"2025-04-02T15:05:06","date_gmt":"2025-04-02T15:05:06","guid":{"rendered":"https:\/\/34.89.151.65\/produkt\/"},"modified":"2025-05-21T11:07:02","modified_gmt":"2025-05-21T11:07:02","slug":"produkte","status":"publish","type":"page","link":"https:\/\/signalyst.de\/de\/produkte\/","title":{"rendered":"Produkte"},"content":{"rendered":"\n<section class=\"product-page-section\"><div class=\"section-container\"><div class=\"product-page-content\"><h1>Signalyst Produktangebot<\/h1><\/div><\/div><\/section><section class=\"products-section\"><div class=\"section-container\"><div class=\"section-quote\"><img loading=\"lazy\" decoding=\"async\" src=\"https:\/\/signalyst.de\/wp-content\/themes\/signlaystTheme\/assets\/images\/icon-quote.png\" alt=\"quote icon\" width=\"30\" height=\"36\" class=\"quote-icon\"\/><h6>DIE SIGNALE IM DETAIL<\/h6><\/div><h2>Dymamic Drawdown Protection<\/h2><div class=\"product-items\"><div class=\"product-wrapper\"><div class=\"product-item\"><div class=\"product-info\"><h3>Drei Kernsignale f\u00fcr Ihre Anlageentscheidung<\/h3><p class=\"product-description\">Unsere Modelle \u00fcbersetzen die Komplexit\u00e4t der Bayesian Change Point Detection in drei intuitive und praxisnahe Signale:<br><br><strong>Marktphasen-Indikator<\/strong>: Zeigt an, ob das Modell den Markt aktuell als Bullen- oder B\u00e4renmarkt einstuft. Dieser bin\u00e4re Indikator entsteht aus einer Kombination des Langfrist- und Kurzfrist-Signals.<br><br><strong>Kurzfrist-Signal<\/strong>: Reagiert besonders sensibel auf aktuelle Marktbewegungen und liefert wertvolle, zeitnahe Impulse<br><br><strong>Langfrist-Signal<\/strong>: Konzentriert sich auf Stabilit\u00e4t und nachhaltige Trends.<\/p><div class=\"product-details desktop-only\"><h4 class=\"accordion-header\">mehr Details anzeigen<span class=\"icon plus-icon\"><svg width=\"24\" height=\"25\" viewBox=\"0 0 24 25\" fill=\"none\" xmlns=\"http:\/\/www.w3.org\/2000\/svg\"><path d=\"M13.3333 1.74593C13.3333 1.00955 12.7364 0.412598 12 0.412598C11.2636 0.412598 10.6667 1.00955 10.6667 1.74593L10.6667 11.0793L1.33333 11.0793C0.596954 11.0793 -2.0981e-09 11.6762 -2.23527e-09 12.4126C-2.37244e-09 13.149 0.596954 13.7459 1.33333 13.7459L10.6667 13.7459L10.6667 23.0793C10.6667 23.8156 11.2636 24.4126 12 24.4126C12.7364 24.4126 13.3333 23.8156 13.3333 23.0793L13.3333 13.7459L22.6667 13.7459C23.403 13.7459 24 13.149 24 12.4126C24 11.6762 23.403 11.0793 22.6667 11.0793L13.3333 11.0793L13.3333 1.74593Z\" fill=\"#424A4F\"><\/path><\/svg><\/span><span class=\"icon close-icon\"><svg width=\"18\" height=\"19\" viewBox=\"0 0 18 19\" fill=\"none\" xmlns=\"http:\/\/www.w3.org\/2000\/svg\"><path d=\"M2.40114 0.927146C1.88044 0.406446 1.03622 0.406446 0.515524 0.927146C-0.00517476 1.44784 -0.0051748 2.29206 0.515524 2.81276L7.11519 9.41243L0.515524 16.0121C-0.0051748 16.5328 -0.00517476 17.377 0.515524 17.8977C1.03622 18.4184 1.88044 18.4184 2.40114 17.8977L9.00081 11.298L15.6005 17.8977C16.1212 18.4184 16.9654 18.4184 17.4861 17.8977C18.0068 17.377 18.0068 16.5328 17.4861 16.0121L10.8864 9.41243L17.4861 2.81276C18.0068 2.29207 18.0068 1.44785 17.4861 0.927146C16.9654 0.406447 16.1212 0.406447 15.6005 0.927146L9.00081 7.52681L2.40114 0.927146Z\" fill=\"#0034C9\"><\/path><\/svg><\/span><\/h4><div class=\"accordion-content\">Die Kurzfrist- und Langfrist-Signale k\u00f6nnen als empfohlene Allokation (von 0 bis 100\u202f%) in risikobehaftete Anlagen interpretiert werden, basierend auf der Dynamik der jeweiligen Zeitreihe. Der bin\u00e4re Marktphasen-Indikator eignet sich als Ausl\u00f6ser f\u00fcr Handelsideen.<\/div><\/div><\/div><div class=\"image-container\"><img loading=\"lazy\" decoding=\"async\" src=\"https:\/\/signalyst.de\/wp-content\/uploads\/2025\/05\/dashboard.jpg\" alt=\"Product Mobile\" class=\"mobile-only\" width=\"295\" height=\"358\"\/><img loading=\"lazy\" decoding=\"async\" src=\"https:\/\/signalyst.de\/wp-content\/uploads\/2025\/05\/dashboard.jpg\" alt=\"Product Desktop\" class=\"desktop-only\" width=\"716\" height=\"358\"\/><\/div><div class=\"product-details mobile-only\"><h4 class=\"accordion-header\">mehr Details anzeigen<span class=\"icon plus-icon\"><svg width=\"24\" height=\"25\" viewBox=\"0 0 24 25\" fill=\"none\" xmlns=\"http:\/\/www.w3.org\/2000\/svg\"><path d=\"M13.3333 1.74593C13.3333 1.00955 12.7364 0.412598 12 0.412598C11.2636 0.412598 10.6667 1.00955 10.6667 1.74593L10.6667 11.0793L1.33333 11.0793C0.596954 11.0793 -2.0981e-09 11.6762 -2.23527e-09 12.4126C-2.37244e-09 13.149 0.596954 13.7459 1.33333 13.7459L10.6667 13.7459L10.6667 23.0793C10.6667 23.8156 11.2636 24.4126 12 24.4126C12.7364 24.4126 13.3333 23.8156 13.3333 23.0793L13.3333 13.7459L22.6667 13.7459C23.403 13.7459 24 13.149 24 12.4126C24 11.6762 23.403 11.0793 22.6667 11.0793L13.3333 11.0793L13.3333 1.74593Z\" fill=\"#424A4F\"><\/path><\/svg><\/span><span class=\"icon close-icon\"><svg width=\"18\" height=\"19\" viewBox=\"0 0 18 19\" fill=\"none\" xmlns=\"http:\/\/www.w3.org\/2000\/svg\"><path d=\"M2.40114 0.927146C1.88044 0.406446 1.03622 0.406446 0.515524 0.927146C-0.00517476 1.44784 -0.0051748 2.29206 0.515524 2.81276L7.11519 9.41243L0.515524 16.0121C-0.0051748 16.5328 -0.00517476 17.377 0.515524 17.8977C1.03622 18.4184 1.88044 18.4184 2.40114 17.8977L9.00081 11.298L15.6005 17.8977C16.1212 18.4184 16.9654 18.4184 17.4861 17.8977C18.0068 17.377 18.0068 16.5328 17.4861 16.0121L10.8864 9.41243L17.4861 2.81276C18.0068 2.29207 18.0068 1.44785 17.4861 0.927146C16.9654 0.406447 16.1212 0.406447 15.6005 0.927146L9.00081 7.52681L2.40114 0.927146Z\" fill=\"#0034C9\"><\/path><\/svg><\/span><\/h4><div class=\"accordion-content\">Die Kurzfrist- und Langfrist-Signale k\u00f6nnen als empfohlene Allokation (von 0 bis 100\u202f%) in risikobehaftete Anlagen interpretiert werden, basierend auf der Dynamik der jeweiligen Zeitreihe. Der bin\u00e4re Marktphasen-Indikator eignet sich als Ausl\u00f6ser f\u00fcr Handelsideen.<\/div><\/div><\/div><div class=\"product-divider\"><\/div><\/div><div class=\"product-wrapper\"><div class=\"product-item\"><div class=\"product-info\"><h3>Signalgesteuerte Investmentstrategien<\/h3><p class=\"product-description\">Die Signale k\u00f6nnen direkt in Investmentstrategien integriert werden. In unseren Simulationen haben wir den Marktphasen-Indikator genutzt, um eine einfache Strategie abzuleiten: 100% Investition in Bullenm\u00e4rkten und vollst\u00e4ndiger Positionsabbau in B\u00e4renm\u00e4rkten. Entstandene Cash-Positionen werden zum Tagesgeldsatz verzinst.<\/p><div class=\"product-details desktop-only\"><h4 class=\"accordion-header\">mehr Details anzeigen<span class=\"icon plus-icon\"><svg width=\"24\" height=\"25\" viewBox=\"0 0 24 25\" fill=\"none\" xmlns=\"http:\/\/www.w3.org\/2000\/svg\"><path d=\"M13.3333 1.74593C13.3333 1.00955 12.7364 0.412598 12 0.412598C11.2636 0.412598 10.6667 1.00955 10.6667 1.74593L10.6667 11.0793L1.33333 11.0793C0.596954 11.0793 -2.0981e-09 11.6762 -2.23527e-09 12.4126C-2.37244e-09 13.149 0.596954 13.7459 1.33333 13.7459L10.6667 13.7459L10.6667 23.0793C10.6667 23.8156 11.2636 24.4126 12 24.4126C12.7364 24.4126 13.3333 23.8156 13.3333 23.0793L13.3333 13.7459L22.6667 13.7459C23.403 13.7459 24 13.149 24 12.4126C24 11.6762 23.403 11.0793 22.6667 11.0793L13.3333 11.0793L13.3333 1.74593Z\" fill=\"#424A4F\"><\/path><\/svg><\/span><span class=\"icon close-icon\"><svg width=\"18\" height=\"19\" viewBox=\"0 0 18 19\" fill=\"none\" xmlns=\"http:\/\/www.w3.org\/2000\/svg\"><path d=\"M2.40114 0.927146C1.88044 0.406446 1.03622 0.406446 0.515524 0.927146C-0.00517476 1.44784 -0.0051748 2.29206 0.515524 2.81276L7.11519 9.41243L0.515524 16.0121C-0.0051748 16.5328 -0.00517476 17.377 0.515524 17.8977C1.03622 18.4184 1.88044 18.4184 2.40114 17.8977L9.00081 11.298L15.6005 17.8977C16.1212 18.4184 16.9654 18.4184 17.4861 17.8977C18.0068 17.377 18.0068 16.5328 17.4861 16.0121L10.8864 9.41243L17.4861 2.81276C18.0068 2.29207 18.0068 1.44785 17.4861 0.927146C16.9654 0.406447 16.1212 0.406447 15.6005 0.927146L9.00081 7.52681L2.40114 0.927146Z\" fill=\"#0034C9\"><\/path><\/svg><\/span><\/h4><div class=\"accordion-content\">Wir haben diese Strategie in einem vollst\u00e4ndig regelbasierten Ansatz getestet, ausschlie\u00dflich auf Basis der historischen Signalwerte. Die Ergebnisse zeigen eine deutliche Reduzierung von Drawdowns, insbesondere w\u00e4hrend gro\u00dfer Finanzkrisen wie 2001 und 2008.<br><br>Wie bei allen quantitativen Modellen gibt es jedoch auch hier Phasen schw\u00e4cherer Performance. W\u00e4hrend das Modell in klar ausgepr\u00e4gten Bullen- und B\u00e4renm\u00e4rkten sehr gut funktioniert, kann es in stark volatilen Seitw\u00e4rtsphasen an Aussagekraft verlieren. Dennoch zeigt der Ansatz eindrucksvoll, wie sich langfristig an Marktentwicklungen partizipieren l\u00e4sst \u2013 bei gleichzeitiger effektiver Reduzierung gr\u00f6\u00dferer Verlustrisiken.<br><em><br>Wichtiger Hinweis: Die hier dargestellten Berechnungen sind historische Simulationen und stellen keine Live-Ergebnisse dar. Ziel dieser Simulation ist es, die Anwendung der Signale in einer einfachen Investmentstrategie zu veranschaulichen. Die tats\u00e4chliche Umsetzung und alle Investitionsentscheidungen liegen allein in der Verantwortung des Nutzers. Die Signale sind eine statistische Interpretation von Marktdaten und stellen ausdr\u00fccklich keine Anlageberatung dar.<\/em><\/div><\/div><\/div><div class=\"image-container\"><img loading=\"lazy\" decoding=\"async\" src=\"https:\/\/signalyst.de\/wp-content\/uploads\/2025\/05\/simulation_1.jpg\" alt=\"Product Mobile\" class=\"mobile-only\" width=\"295\" height=\"358\"\/><img loading=\"lazy\" decoding=\"async\" src=\"https:\/\/signalyst.de\/wp-content\/uploads\/2025\/05\/simulation_1.jpg\" alt=\"Product Desktop\" class=\"desktop-only\" width=\"716\" height=\"358\"\/><\/div><div class=\"product-details mobile-only\"><h4 class=\"accordion-header\">mehr Details anzeigen<span class=\"icon plus-icon\"><svg width=\"24\" height=\"25\" viewBox=\"0 0 24 25\" fill=\"none\" xmlns=\"http:\/\/www.w3.org\/2000\/svg\"><path d=\"M13.3333 1.74593C13.3333 1.00955 12.7364 0.412598 12 0.412598C11.2636 0.412598 10.6667 1.00955 10.6667 1.74593L10.6667 11.0793L1.33333 11.0793C0.596954 11.0793 -2.0981e-09 11.6762 -2.23527e-09 12.4126C-2.37244e-09 13.149 0.596954 13.7459 1.33333 13.7459L10.6667 13.7459L10.6667 23.0793C10.6667 23.8156 11.2636 24.4126 12 24.4126C12.7364 24.4126 13.3333 23.8156 13.3333 23.0793L13.3333 13.7459L22.6667 13.7459C23.403 13.7459 24 13.149 24 12.4126C24 11.6762 23.403 11.0793 22.6667 11.0793L13.3333 11.0793L13.3333 1.74593Z\" fill=\"#424A4F\"><\/path><\/svg><\/span><span class=\"icon close-icon\"><svg width=\"18\" height=\"19\" viewBox=\"0 0 18 19\" fill=\"none\" xmlns=\"http:\/\/www.w3.org\/2000\/svg\"><path d=\"M2.40114 0.927146C1.88044 0.406446 1.03622 0.406446 0.515524 0.927146C-0.00517476 1.44784 -0.0051748 2.29206 0.515524 2.81276L7.11519 9.41243L0.515524 16.0121C-0.0051748 16.5328 -0.00517476 17.377 0.515524 17.8977C1.03622 18.4184 1.88044 18.4184 2.40114 17.8977L9.00081 11.298L15.6005 17.8977C16.1212 18.4184 16.9654 18.4184 17.4861 17.8977C18.0068 17.377 18.0068 16.5328 17.4861 16.0121L10.8864 9.41243L17.4861 2.81276C18.0068 2.29207 18.0068 1.44785 17.4861 0.927146C16.9654 0.406447 16.1212 0.406447 15.6005 0.927146L9.00081 7.52681L2.40114 0.927146Z\" fill=\"#0034C9\"><\/path><\/svg><\/span><\/h4><div class=\"accordion-content\">Wir haben diese Strategie in einem vollst\u00e4ndig regelbasierten Ansatz getestet, ausschlie\u00dflich auf Basis der historischen Signalwerte. Die Ergebnisse zeigen eine deutliche Reduzierung von Drawdowns, insbesondere w\u00e4hrend gro\u00dfer Finanzkrisen wie 2001 und 2008.<br><br>Wie bei allen quantitativen Modellen gibt es jedoch auch hier Phasen schw\u00e4cherer Performance. W\u00e4hrend das Modell in klar ausgepr\u00e4gten Bullen- und B\u00e4renm\u00e4rkten sehr gut funktioniert, kann es in stark volatilen Seitw\u00e4rtsphasen an Aussagekraft verlieren. Dennoch zeigt der Ansatz eindrucksvoll, wie sich langfristig an Marktentwicklungen partizipieren l\u00e4sst \u2013 bei gleichzeitiger effektiver Reduzierung gr\u00f6\u00dferer Verlustrisiken.<br><em><br>Wichtiger Hinweis: Die hier dargestellten Berechnungen sind historische Simulationen und stellen keine Live-Ergebnisse dar. Ziel dieser Simulation ist es, die Anwendung der Signale in einer einfachen Investmentstrategie zu veranschaulichen. Die tats\u00e4chliche Umsetzung und alle Investitionsentscheidungen liegen allein in der Verantwortung des Nutzers. Die Signale sind eine statistische Interpretation von Marktdaten und stellen ausdr\u00fccklich keine Anlageberatung dar.<\/em><\/div><\/div><\/div><\/div><\/div><\/div><\/section>\n\n\n\n<section class=\"wp-block-signlayst-whitepaper-block alignleft whitepaper-section popmake-785\" id=\"whitepaper-section\"><div class=\"section-container\"><div class=\"whitepaper-download-block\"><h3>White Paper: Bayesian Change Point Detection in dynamischen Allokationsstrategien<\/h3><p>In diesem White Paper erl\u00e4utert Signalyst-Gr\u00fcnder und CPO Dr. Tassilo Zimmermann die Grundlagen der Bayesian Change Point Detection und deren Anwendung in unseren Dynamic Drawdown Protection Signalen.<\/p><span class=\"text-button\"><a class=\"whitepaper-button\" href=\"#\">White Paper herunterladen<\/a><\/span><\/div><\/div><\/section>\n","protected":false},"excerpt":{"rendered":"","protected":false},"author":2,"featured_media":0,"parent":0,"menu_order":0,"comment_status":"closed","ping_status":"closed","template":"page-products.php","meta":{"footnotes":""},"class_list":["post-82","page","type-page","status-publish","hentry"],"yoast_head":"<!-- This site is optimized with the Yoast SEO plugin v25.5 - https:\/\/yoast.com\/wordpress\/plugins\/seo\/ -->\n<title>Statistische Signale f\u00fcr bessere Anlageentscheidungen<\/title>\n<meta name=\"description\" content=\"Signalyst bietet moderne statistische Investmentsignale, die helfen ihr Kapital vor Drawdowns zu sch\u00fctzen und langfristig wachsen zu lassen.\" \/>\n<meta name=\"robots\" content=\"index, follow, max-snippet:-1, max-image-preview:large, max-video-preview:-1\" \/>\n<link rel=\"canonical\" href=\"https:\/\/signalyst.de\/de\/produkte\/\" \/>\n<meta property=\"og:locale\" content=\"de_DE\" \/>\n<meta property=\"og:type\" content=\"article\" \/>\n<meta property=\"og:title\" content=\"Statistische Signale f\u00fcr bessere Anlageentscheidungen\" \/>\n<meta property=\"og:description\" content=\"Signalyst bietet moderne statistische Investmentsignale, die helfen ihr Kapital vor Drawdowns zu sch\u00fctzen und langfristig wachsen zu lassen.\" \/>\n<meta property=\"og:url\" content=\"https:\/\/signalyst.de\/de\/produkte\/\" \/>\n<meta property=\"og:site_name\" content=\"Signalyst GmbH\" \/>\n<meta property=\"article:modified_time\" content=\"2025-05-21T11:07:02+00:00\" \/>\n<meta property=\"og:image\" content=\"https:\/\/signalyst.de\/wp-content\/themes\/signlaystTheme\/assets\/images\/icon-quote.png\" \/>\n<meta name=\"twitter:card\" content=\"summary_large_image\" \/>\n<meta name=\"twitter:label1\" content=\"Est. reading time\" \/>\n\t<meta name=\"twitter:data1\" content=\"4 minutes\" \/>\n<script type=\"application\/ld+json\" class=\"yoast-schema-graph\">{\"@context\":\"https:\/\/schema.org\",\"@graph\":[{\"@type\":\"WebPage\",\"@id\":\"https:\/\/signalyst.de\/de\/produkte\/\",\"url\":\"https:\/\/signalyst.de\/de\/produkte\/\",\"name\":\"Statistische Signale f\u00fcr bessere Anlageentscheidungen\",\"isPartOf\":{\"@id\":\"https:\/\/signalyst.de\/de\/#website\"},\"primaryImageOfPage\":{\"@id\":\"https:\/\/signalyst.de\/de\/produkte\/#primaryimage\"},\"image\":{\"@id\":\"https:\/\/signalyst.de\/de\/produkte\/#primaryimage\"},\"thumbnailUrl\":\"https:\/\/signalyst.de\/wp-content\/themes\/signlaystTheme\/assets\/images\/icon-quote.png\",\"datePublished\":\"2025-04-02T15:05:06+00:00\",\"dateModified\":\"2025-05-21T11:07:02+00:00\",\"description\":\"Signalyst bietet moderne statistische Investmentsignale, die helfen ihr Kapital vor Drawdowns zu sch\u00fctzen und langfristig wachsen zu lassen.\",\"breadcrumb\":{\"@id\":\"https:\/\/signalyst.de\/de\/produkte\/#breadcrumb\"},\"inLanguage\":\"de-DE\",\"potentialAction\":[{\"@type\":\"ReadAction\",\"target\":[\"https:\/\/signalyst.de\/de\/produkte\/\"]}]},{\"@type\":\"ImageObject\",\"inLanguage\":\"de-DE\",\"@id\":\"https:\/\/signalyst.de\/de\/produkte\/#primaryimage\",\"url\":\"https:\/\/signalyst.de\/wp-content\/themes\/signlaystTheme\/assets\/images\/icon-quote.png\",\"contentUrl\":\"https:\/\/signalyst.de\/wp-content\/themes\/signlaystTheme\/assets\/images\/icon-quote.png\"},{\"@type\":\"BreadcrumbList\",\"@id\":\"https:\/\/signalyst.de\/de\/produkte\/#breadcrumb\",\"itemListElement\":[{\"@type\":\"ListItem\",\"position\":1,\"name\":\"Home\",\"item\":\"https:\/\/signalyst.de\/de\/\"},{\"@type\":\"ListItem\",\"position\":2,\"name\":\"Produkte\"}]},{\"@type\":\"WebSite\",\"@id\":\"https:\/\/signalyst.de\/de\/#website\",\"url\":\"https:\/\/signalyst.de\/de\/\",\"name\":\"Signalyst GmbH\",\"description\":\"Data and scientific models distilled into clear, actionable insights.\",\"publisher\":{\"@id\":\"https:\/\/signalyst.de\/de\/#organization\"},\"alternateName\":\"Signalyst\",\"potentialAction\":[{\"@type\":\"SearchAction\",\"target\":{\"@type\":\"EntryPoint\",\"urlTemplate\":\"https:\/\/signalyst.de\/de\/?s={search_term_string}\"},\"query-input\":{\"@type\":\"PropertyValueSpecification\",\"valueRequired\":true,\"valueName\":\"search_term_string\"}}],\"inLanguage\":\"de-DE\"},{\"@type\":\"Organization\",\"@id\":\"https:\/\/signalyst.de\/de\/#organization\",\"name\":\"Signalyst GmbH\",\"alternateName\":\"Signalyst\",\"url\":\"https:\/\/signalyst.de\/de\/\",\"logo\":{\"@type\":\"ImageObject\",\"inLanguage\":\"de-DE\",\"@id\":\"https:\/\/signalyst.de\/de\/#\/schema\/logo\/image\/\",\"url\":\"https:\/\/34.89.151.65\/wp-content\/uploads\/2025\/04\/logo-icon.png\",\"contentUrl\":\"https:\/\/34.89.151.65\/wp-content\/uploads\/2025\/04\/logo-icon.png\",\"width\":61,\"height\":40,\"caption\":\"Signalyst GmbH\"},\"image\":{\"@id\":\"https:\/\/signalyst.de\/de\/#\/schema\/logo\/image\/\"}}]}<\/script>\n<!-- \/ Yoast SEO plugin. -->","yoast_head_json":{"title":"Statistische Signale f\u00fcr bessere Anlageentscheidungen","description":"Signalyst bietet moderne statistische Investmentsignale, die helfen ihr Kapital vor Drawdowns zu sch\u00fctzen und langfristig wachsen zu lassen.","robots":{"index":"index","follow":"follow","max-snippet":"max-snippet:-1","max-image-preview":"max-image-preview:large","max-video-preview":"max-video-preview:-1"},"canonical":"https:\/\/signalyst.de\/de\/produkte\/","og_locale":"de_DE","og_type":"article","og_title":"Statistische Signale f\u00fcr bessere Anlageentscheidungen","og_description":"Signalyst bietet moderne statistische Investmentsignale, die helfen ihr Kapital vor Drawdowns zu sch\u00fctzen und langfristig wachsen zu lassen.","og_url":"https:\/\/signalyst.de\/de\/produkte\/","og_site_name":"Signalyst GmbH","article_modified_time":"2025-05-21T11:07:02+00:00","og_image":[{"url":"https:\/\/signalyst.de\/wp-content\/themes\/signlaystTheme\/assets\/images\/icon-quote.png","type":"","width":"","height":""}],"twitter_card":"summary_large_image","twitter_misc":{"Est. reading time":"4 minutes"},"schema":{"@context":"https:\/\/schema.org","@graph":[{"@type":"WebPage","@id":"https:\/\/signalyst.de\/de\/produkte\/","url":"https:\/\/signalyst.de\/de\/produkte\/","name":"Statistische Signale f\u00fcr bessere Anlageentscheidungen","isPartOf":{"@id":"https:\/\/signalyst.de\/de\/#website"},"primaryImageOfPage":{"@id":"https:\/\/signalyst.de\/de\/produkte\/#primaryimage"},"image":{"@id":"https:\/\/signalyst.de\/de\/produkte\/#primaryimage"},"thumbnailUrl":"https:\/\/signalyst.de\/wp-content\/themes\/signlaystTheme\/assets\/images\/icon-quote.png","datePublished":"2025-04-02T15:05:06+00:00","dateModified":"2025-05-21T11:07:02+00:00","description":"Signalyst bietet moderne statistische Investmentsignale, die helfen ihr Kapital vor Drawdowns zu sch\u00fctzen und langfristig wachsen zu lassen.","breadcrumb":{"@id":"https:\/\/signalyst.de\/de\/produkte\/#breadcrumb"},"inLanguage":"de-DE","potentialAction":[{"@type":"ReadAction","target":["https:\/\/signalyst.de\/de\/produkte\/"]}]},{"@type":"ImageObject","inLanguage":"de-DE","@id":"https:\/\/signalyst.de\/de\/produkte\/#primaryimage","url":"https:\/\/signalyst.de\/wp-content\/themes\/signlaystTheme\/assets\/images\/icon-quote.png","contentUrl":"https:\/\/signalyst.de\/wp-content\/themes\/signlaystTheme\/assets\/images\/icon-quote.png"},{"@type":"BreadcrumbList","@id":"https:\/\/signalyst.de\/de\/produkte\/#breadcrumb","itemListElement":[{"@type":"ListItem","position":1,"name":"Home","item":"https:\/\/signalyst.de\/de\/"},{"@type":"ListItem","position":2,"name":"Produkte"}]},{"@type":"WebSite","@id":"https:\/\/signalyst.de\/de\/#website","url":"https:\/\/signalyst.de\/de\/","name":"Signalyst GmbH","description":"Data and scientific models distilled into clear, actionable insights.","publisher":{"@id":"https:\/\/signalyst.de\/de\/#organization"},"alternateName":"Signalyst","potentialAction":[{"@type":"SearchAction","target":{"@type":"EntryPoint","urlTemplate":"https:\/\/signalyst.de\/de\/?s={search_term_string}"},"query-input":{"@type":"PropertyValueSpecification","valueRequired":true,"valueName":"search_term_string"}}],"inLanguage":"de-DE"},{"@type":"Organization","@id":"https:\/\/signalyst.de\/de\/#organization","name":"Signalyst GmbH","alternateName":"Signalyst","url":"https:\/\/signalyst.de\/de\/","logo":{"@type":"ImageObject","inLanguage":"de-DE","@id":"https:\/\/signalyst.de\/de\/#\/schema\/logo\/image\/","url":"https:\/\/34.89.151.65\/wp-content\/uploads\/2025\/04\/logo-icon.png","contentUrl":"https:\/\/34.89.151.65\/wp-content\/uploads\/2025\/04\/logo-icon.png","width":61,"height":40,"caption":"Signalyst GmbH"},"image":{"@id":"https:\/\/signalyst.de\/de\/#\/schema\/logo\/image\/"}}]}},"_links":{"self":[{"href":"https:\/\/signalyst.de\/de\/wp-json\/wp\/v2\/pages\/82","targetHints":{"allow":["GET"]}}],"collection":[{"href":"https:\/\/signalyst.de\/de\/wp-json\/wp\/v2\/pages"}],"about":[{"href":"https:\/\/signalyst.de\/de\/wp-json\/wp\/v2\/types\/page"}],"author":[{"embeddable":true,"href":"https:\/\/signalyst.de\/de\/wp-json\/wp\/v2\/users\/2"}],"replies":[{"embeddable":true,"href":"https:\/\/signalyst.de\/de\/wp-json\/wp\/v2\/comments?post=82"}],"version-history":[{"count":95,"href":"https:\/\/signalyst.de\/de\/wp-json\/wp\/v2\/pages\/82\/revisions"}],"predecessor-version":[{"id":1198,"href":"https:\/\/signalyst.de\/de\/wp-json\/wp\/v2\/pages\/82\/revisions\/1198"}],"wp:attachment":[{"href":"https:\/\/signalyst.de\/de\/wp-json\/wp\/v2\/media?parent=82"}],"curies":[{"name":"wp","href":"https:\/\/api.w.org\/{rel}","templated":true}]}}