{"id":84,"date":"2025-04-07T16:08:14","date_gmt":"2025-04-07T16:08:14","guid":{"rendered":"https:\/\/34.89.151.65\/datenschutzbestimmungen-2\/"},"modified":"2025-04-14T20:36:30","modified_gmt":"2025-04-14T20:36:30","slug":"datenschutzbestimmungen-2","status":"publish","type":"page","link":"https:\/\/signalyst.de\/de\/datenschutzbestimmungen-2\/","title":{"rendered":"Datenschutzbestimmungen"},"content":{"rendered":"\n<h1 class=\"wp-block-heading\">Datenschutzbestimmungen<\/h1>\n\n<h3 class=\"wp-block-heading\"><strong>1. Einleitung<\/strong><\/h3>\n\n<p>Die Signalyst GmbH (im Folgenden \u201ewir\u201c oder \u201euns\u201c genannt) nimmt den Schutz Ihrer pers\u00f6nlichen Daten sehr ernst. Wir behandeln Ihre personenbezogenen Daten vertraulich und entsprechend der gesetzlichen Datenschutzvorschriften sowie dieser Datenschutzerkl\u00e4rung. <\/p>\n\n<p>Die Nutzung unserer Webseite ist in der Regel ohne Angabe personenbezogener Daten m\u00f6glich. Soweit auf unseren Seiten personenbezogene Daten erhoben werden, erfolgt dies jedoch stets auf freiwilliger Basis oder auf Grundlage einer entsprechenden Rechtsgrundlage im Sinne der GDPR (General Data Protection Regulation). Diese Daten werden ohne Ihre ausdr\u00fcckliche Zustimmung nicht an Dritte weitergegeben, es sei denn, dies ist gesetzlich vorgeschrieben oder f\u00fcr vertragliche Zwecke erforderlich.  <\/p>\n\n<h3 class=\"wp-block-heading\"><strong>2. Verantwortliche Stelle<\/strong><\/h3>\n\n<p>Die f\u00fcr die Datenverarbeitung auf dieser Website verantwortliche Stelle ist:<\/p>\n\n<p><strong>Signalyst GmbH<\/strong><strong><br\/><\/strong>Alfred-Herrhausen-Allee 3-5<br\/>65760 Eschborn<br\/>Germany<br\/>E-Mail: dataprotection@signalyst.de<br\/>Telefon: +49 6196 7719089<\/p>\n\n<h3 class=\"wp-block-heading\"><strong>3. Erhebung und Speicherung von personenbezogenen Daten sowie Art und Zweck ihrer Verwendung<\/strong><\/h3>\n\n<h4 class=\"wp-block-heading\"><strong>a) Beim Besuch der Website<\/strong><\/h4>\n\n<p>Beim Aufrufen unserer Website werden durch den auf Ihrem Endger\u00e4t zum Einsatz kommenden Browser automatisch Informationen an den Server unserer Website gesendet. Diese Informationen werden vor\u00fcbergehend in einer sogenannten Logdatei gespeichert. <\/p>\n\n<p>Die folgenden Daten k\u00f6nnen erhoben werden:<\/p>\n\n<ul class=\"wp-block-list\">\n<li>IP-Adresse des anfragenden Rechners (anonymisiert, soweit technisch m\u00f6glich)<\/li>\n\n\n\n<li>Datum und Uhrzeit des Zugriffs<\/li>\n\n\n\n<li>Name und URL der abgerufenen Datei<\/li>\n\n\n\n<li>Website, von der aus der Zugriff erfolgt (Referrer URL)<\/li>\n\n\n\n<li>den verwendeten Browser und gegebenenfalls das Betriebssystem Ihres Computers sowie den Namen Ihres Zugangsproviders<\/li>\n<\/ul>\n\n<p>Diese Daten werden zu den folgenden Zwecken verarbeitet:<\/p>\n\n<ul class=\"wp-block-list\">\n<li>Sicherstellung des reibungslosen Verbindungsaufbaus zur Website<\/li>\n\n\n\n<li>Sicherstellung einer komfortablen Nutzung unserer Website<\/li>\n\n\n\n<li>Analyse der Systemsicherheit und -stabilit\u00e4t<\/li>\n\n\n\n<li>Statistische Auswertung zur Optimierung unserer Website<\/li>\n\n\n\n<li>Erf\u00fcllung der gesetzlichen Anforderungen<\/li>\n<\/ul>\n\n<p>Die Rechtsgrundlage f\u00fcr die Datenverarbeitung ist Art. 6 Abs.. 1 Satz 1 lit. f GDPR.   <\/p>\n\n<h4 class=\"wp-block-heading\"><strong>b) Bei Verwendung unseres Kontaktformulars<\/strong><\/h4>\n\n<p>Wenn Sie mit uns \u00fcber das auf der Website bereitgestellte Formular Kontakt aufnehmen, werden Ihre Angaben zwecks Bearbeitung der Anfrage und f\u00fcr den Fall von Anschlussfragen bei uns gespeichert.<\/p>\n\n<p>Zu den obligatorischen Angaben geh\u00f6ren:<\/p>\n\n<ul class=\"wp-block-list\">\n<li>Ihre E-Mail Adresse<\/li>\n\n\n\n<li>Ihr Name<\/li>\n<\/ul>\n\n<p>Die Rechtsgrundlage f\u00fcr die Verarbeitung Ihrer Daten ist Ihre Einwilligung, die Sie jederzeit formlos gem\u00e4\u00df Art. 6 Abs.. 1 Satz 1 lit. a) DSGVO oder die Durchf\u00fchrung vorvertraglicher Ma\u00dfnahmen auf Ihren Wunsch hin gem\u00e4\u00df Art. 6 Abs.. 1 Satz 1 lit. b) GDPR.    <\/p>\n\n<h3 class=\"wp-block-heading\"><strong>4. Offenlegung von Daten<\/strong><\/h3>\n\n<p>Ihre pers\u00f6nlichen Daten werden nur dann an Dritte weitergegeben, wenn:<\/p>\n\n<ul class=\"wp-block-list\">\n<li>Sie haben Ihre ausdr\u00fcckliche Zustimmung gem\u00e4\u00df Art. 6 Abs.. 1 Satz 1 lit. a) GDPR erteilt.  <\/li>\n\n\n\n<li>Die Weitergabe ist erforderlich f\u00fcr die Begr\u00fcndung, Aus\u00fcbung oder Verteidigung von Rechtsanspr\u00fcchen gem\u00e4\u00df Art. 6 Abs.. 1 Satz 1 lit. f) DSGVO erforderlich, und es besteht kein \u00fcberwiegendes schutzw\u00fcrdiges Interesse Ihrerseits.  <\/li>\n\n\n\n<li>Es besteht eine gesetzliche Verpflichtung zur Offenlegung gem\u00e4\u00df Art. 6 Abs.. 1 Satz 1 lit. c) GDPR.  <\/li>\n\n\n\n<li>Sie ist erforderlich f\u00fcr die Erf\u00fcllung eines Vertrags mit Ihnen gem\u00e4\u00df Art. 6 Abs.. 1 Satz 1 lit. b) GDPR.  <\/li>\n<\/ul>\n\n<p>Wenn wir personenbezogene Daten in Drittl\u00e4nder au\u00dferhalb des Europ\u00e4ischen Wirtschaftsraums (EWR) \u00fcbermitteln, geschieht dies nur in \u00dcbereinstimmung mit den Anforderungen der DSGVO, zum Beispiel durch den Abschluss von Standardvertragsklauseln.<\/p>\n\n<h3 class=\"wp-block-heading\"><strong>5. Cookies<\/strong><\/h3>\n\n<p>Unsere Website verwendet Cookies, um die Benutzerfreundlichkeit zu verbessern und bestimmte Funktionen bereitzustellen.<\/p>\n\n<p>Dies sind kleine Dateien, die automatisch von Ihrem Browser erstellt und auf Ihrem Ger\u00e4t (Laptop, Tablet, Smartphone usw.) gespeichert werden, wenn Sie unsere Website besuchen. In diesen Cookies werden Informationen \u00fcber das verwendete Ger\u00e4t gespeichert. Dies bedeutet jedoch nicht, dass wir unmittelbar Kenntnis von Ihrer Identit\u00e4t erhalten.  <\/p>\n\n<p>Auf der Website verwenden wir die folgenden Cookies:<\/p>\n\n<figure class=\"wp-block-table\"><table class=\"has-fixed-layout\"><tbody><tr><td><strong>Name des Cookies<\/strong><\/td><td><strong>CookieType<\/strong><\/td><td><strong>Cookie-Anbieter<\/strong><\/td><td><strong>Von dem Cookie gesammelte Daten<\/strong><\/td><td><strong>Zweck des Cookies<\/strong><\/td><td><strong>Lebensdauer von Cookies<\/strong><\/td><\/tr><tr><td>wordpress_test_cookie<\/td><td>Technisch<\/td><td>WordPress<\/td><td>Pr\u00fcft, ob der Browser Cookies unterst\u00fctzt<\/td><td>Funktionalit\u00e4t der Website<\/td><td>Bis der Browser geschlossen wird<\/td><\/tr><tr><td>_ga<\/td><td>Analytisch<\/td><td>Google Analytics<\/td><td>Eindeutige Benutzer-ID (anonym)<\/td><td>Analyse der Website-Besuche<\/td><td>2 Jahre<\/td><\/tr><tr><td>_gid<\/td><td>Analytisch<\/td><td>Google Analytics<\/td><td>Eindeutige Benutzer-ID (anonym)<\/td><td>Analyse des Nutzerverhaltens<\/td><td>24 Stunden<\/td><\/tr><tr><td>_gat<\/td><td>Analytisch<\/td><td>Google Analytics<\/td><td>Begrenzt die Anfragequote<\/td><td>Optimierung der analytischen Leistung<\/td><td>1 Minute<\/td><\/tr><tr><td>__hstc<\/td><td>Marketing<\/td><td>HubSpot<\/td><td>Eindeutige Besucher-ID, Besuchszeiten<\/td><td>Benutzerverfolgung<\/td><td>6 Monate<\/td><\/tr><tr><td>hubspotutk<\/td><td>Marketing<\/td><td>HubSpot<\/td><td>Eindeutige Besucher-ID<\/td><td>Analyse und Personalisierung<\/td><td>6 Monate<\/td><\/tr><tr><td>__hssrc<\/td><td>Technisch<\/td><td>HubSpot<\/td><td>Pr\u00fcft, ob der Benutzer in einer Sitzung ist<\/td><td>Identifizierung von neuen und wiederkehrenden Besuchern<\/td><td>Bis der Browser geschlossen wird<\/td><\/tr><tr><td>__hssc<\/td><td>Funktionell<\/td><td>HubSpot<\/td><td>Sitzungs-ID und Zeitstempel<\/td><td>Verwaltung der Sitzungen<\/td><td>30 Minuten<\/td><\/tr><tr><td>wpr-hashed-*<\/td><td>Funktionell<\/td><td>WP Rakete<\/td><td>Hashed-Cache-Einstellungen<\/td><td>Optimierung der Ladegeschwindigkeit der Website<\/td><td>Abh\u00e4ngig von den WP Rakete-Einstellungen<\/td><\/tr><tr><td>wpr-user-token<\/td><td>Funktionell<\/td><td>WP Rakete<\/td><td>Benutzer-Token (wenn Personalisierung aktiviert ist)<\/td><td>Verbesserung der Zwischenspeicherung<\/td><td><\/td><\/tr><\/tbody><\/table><\/figure>\n\n<p>Die Verwendung technisch notwendiger Cookies erfolgt auf der Grundlage von Art. 6 Abs.. 1 Satz 1 lit. f) GDPR. Wenn wir Cookies zu Analyse- oder Marketingzwecken verwenden, holen wir Ihre Einwilligung gem\u00e4\u00df Art. 6 Abs.. 1 Satz 1 lit. a) GDPR ein.     <\/p>\n\n<h3 class=\"wp-block-heading\"><strong>6. Rechte der betroffenen Person<\/strong><\/h3>\n\n<p>Sie haben das Recht dazu:<\/p>\n\n<ul class=\"wp-block-list\">\n<li>Sie k\u00f6nnen Auskunft \u00fcber Ihre von uns verarbeiteten personenbezogenen Daten gem\u00e4\u00df Art. 15 GDPR an und erhalten Sie Zugang dazu.<\/li>\n\n\n\n<li>die Berichtigung unrichtiger oder die Vervollst\u00e4ndigung Ihrer gespeicherten personenbezogenen Daten gem\u00e4\u00df Art. 16 GDPR.<\/li>\n\n\n\n<li>die L\u00f6schung Ihrer gespeicherten personenbezogenen Daten gem\u00e4\u00df Art. 17 GDPR, sofern keine gesetzlichen Aufbewahrungspflichten einer L\u00f6schung entgegenstehen.<\/li>\n\n\n\n<li>die Einschr\u00e4nkung der Verarbeitung Ihrer personenbezogenen Daten gem\u00e4\u00df Art. 18 GDPR.<\/li>\n\n\n\n<li>Ihre personenbezogenen Daten in einem strukturierten, allgemein gebr\u00e4uchlichen und maschinenlesbaren Format zu erhalten oder die \u00dcbermittlung an einen anderen f\u00fcr die Verarbeitung Verantwortlichen gem\u00e4\u00df Art. 20 GDPR.<\/li>\n\n\n\n<li>Ihre einmal erteilte Einwilligung k\u00f6nnen Sie jederzeit gem\u00e4\u00df Art. 7 Abs.. 3 GDPR. <\/li>\n\n\n\n<li>eine Beschwerde bei einer Aufsichtsbeh\u00f6rde gem\u00e4\u00df Art. 77 GDPR.<\/li>\n\n\n\n<li>eine Beschwerde bei einer Aufsichtsbeh\u00f6rde gem\u00e4\u00df Art. 77 GDPR. Sie k\u00f6nnen sich zu diesem Zweck an die Aufsichtsbeh\u00f6rde Ihres gew\u00f6hnlichen Wohnsitzes, Ihres Arbeitsplatzes oder des Hauptsitzes unseres Unternehmens wenden. <\/li>\n\n\n\n<li>Aus\u00fcbung sonstiger Rechte gem\u00e4\u00df der Datenschutz-Grundverordnung.<\/li>\n<\/ul>\n\n<p>Sie k\u00f6nnen Ihre Anfragen an folgende Adresse richten<br\/>dataprotection@signalyst.de.<\/p>\n\n<h3 class=\"wp-block-heading\"><strong>7. Recht auf Einspruch<\/strong><\/h3>\n\n<p>F\u00fcr den Fall, dass wir Ihre personenbezogenen Daten aufgrund eines berechtigten Interesses gem\u00e4\u00df Art. 6 Abs.. 1 Satz 1 lit. f) GDPR verarbeiten, haben Sie das Recht, dieser Verarbeitung gem\u00e4\u00df Art. 21 GDPR.  <\/p>\n\n<h3 class=\"wp-block-heading\"><strong>8. Datensicherheit<\/strong><\/h3>\n\n<p>Wir setzen technische und organisatorische Sicherheitsma\u00dfnahmen ein, um Ihre Daten vor unberechtigtem Zugriff, Verlust oder Zerst\u00f6rung zu sch\u00fctzen. Unsere Website verwendet eine SSL-Verschl\u00fcsselung zur sicheren Daten\u00fcbertragung. <\/p>\n\n<h3 class=\"wp-block-heading\"><strong>9. \u00c4nderungen der Datenschutzrichtlinie<\/strong><\/h3>\n\n<p>Diese Datenschutzerkl\u00e4rung ist aktuell g\u00fcltig und datiert vom 31. M\u00e4rz 2025. Wir behalten uns das Recht vor, diese Datenschutzerkl\u00e4rung zu \u00e4ndern, um sie an ge\u00e4nderte rechtliche oder technische Anforderungen anzupassen. Die aktuelle Version finden Sie auf unserer Website.  <\/p>\n\n<p><strong>10. Aufbewahrungsfristen f\u00fcr Daten<\/strong><\/p>\n\n<p>Wir speichern Ihre personenbezogenen Daten nur so lange, wie es f\u00fcr die Erf\u00fcllung der Zwecke, f\u00fcr die sie erhoben wurden, erforderlich ist, und in \u00dcbereinstimmung mit den gesetzlichen Bestimmungen. Sobald die personenbezogenen Daten f\u00fcr die genannten Zwecke nicht mehr ben\u00f6tigt werden, werden sie gel\u00f6scht oder anonymisiert, es sei denn, gesetzliche Bestimmungen schreiben eine l\u00e4ngere Aufbewahrungsfrist vor. <\/p>\n\n<p>Beruht die Verarbeitung der Daten auf Ihrer Einwilligung, speichern wir Ihre Daten so lange, bis Sie Ihre Einwilligung widerrufen oder bis der Zweck der Datenverarbeitung erf\u00fcllt ist.<\/p>\n","protected":false},"excerpt":{"rendered":"<p>Datenschutzbestimmungen 1. Einleitung Die Signalyst GmbH (im Folgenden \u201ewir\u201c oder \u201euns\u201c genannt) nimmt den Schutz Ihrer pers\u00f6nlichen Daten sehr ernst. Wir behandeln Ihre personenbezogenen Daten vertraulich und entsprechend der gesetzlichen Datenschutzvorschriften sowie dieser Datenschutzerkl\u00e4rung. Die Nutzung unserer Webseite ist in der Regel ohne Angabe personenbezogener Daten m\u00f6glich. Soweit auf unseren Seiten personenbezogene Daten erhoben werden, [&hellip;]<\/p>\n","protected":false},"author":2,"featured_media":0,"parent":0,"menu_order":0,"comment_status":"closed","ping_status":"closed","template":"page-termsOfService.php","meta":{"footnotes":""},"class_list":["post-84","page","type-page","status-publish","hentry"],"yoast_head":"<!-- This site is optimized with the Yoast SEO plugin v25.5 - https:\/\/yoast.com\/wordpress\/plugins\/seo\/ -->\n<title>Datenschutzbestimmungen - Signalyst GmbH<\/title>\n<meta name=\"robots\" content=\"index, follow, max-snippet:-1, max-image-preview:large, max-video-preview:-1\" \/>\n<link rel=\"canonical\" href=\"https:\/\/signalyst.de\/de\/datenschutzbestimmungen-2\/\" \/>\n<meta property=\"og:locale\" content=\"de_DE\" \/>\n<meta property=\"og:type\" content=\"article\" \/>\n<meta property=\"og:title\" content=\"Datenschutzbestimmungen - Signalyst GmbH\" \/>\n<meta property=\"og:description\" content=\"Datenschutzbestimmungen 1. Einleitung Die Signalyst GmbH (im Folgenden \u201ewir\u201c oder \u201euns\u201c genannt) nimmt den Schutz Ihrer pers\u00f6nlichen Daten sehr ernst. Wir behandeln Ihre personenbezogenen Daten vertraulich und entsprechend der gesetzlichen Datenschutzvorschriften sowie dieser Datenschutzerkl\u00e4rung. Die Nutzung unserer Webseite ist in der Regel ohne Angabe personenbezogener Daten m\u00f6glich. Soweit auf unseren Seiten personenbezogene Daten erhoben werden, [&hellip;]\" \/>\n<meta property=\"og:url\" content=\"https:\/\/signalyst.de\/de\/datenschutzbestimmungen-2\/\" \/>\n<meta property=\"og:site_name\" content=\"Signalyst GmbH\" \/>\n<meta property=\"article:modified_time\" content=\"2025-04-14T20:36:30+00:00\" \/>\n<meta name=\"twitter:card\" content=\"summary_large_image\" \/>\n<meta name=\"twitter:label1\" content=\"Est. reading time\" \/>\n\t<meta name=\"twitter:data1\" content=\"5 minutes\" \/>\n<script type=\"application\/ld+json\" class=\"yoast-schema-graph\">{\"@context\":\"https:\/\/schema.org\",\"@graph\":[{\"@type\":\"WebPage\",\"@id\":\"https:\/\/signalyst.de\/de\/datenschutzbestimmungen-2\/\",\"url\":\"https:\/\/signalyst.de\/de\/datenschutzbestimmungen-2\/\",\"name\":\"Datenschutzbestimmungen - Signalyst GmbH\",\"isPartOf\":{\"@id\":\"https:\/\/signalyst.de\/de\/#website\"},\"datePublished\":\"2025-04-07T16:08:14+00:00\",\"dateModified\":\"2025-04-14T20:36:30+00:00\",\"breadcrumb\":{\"@id\":\"https:\/\/signalyst.de\/de\/datenschutzbestimmungen-2\/#breadcrumb\"},\"inLanguage\":\"de-DE\",\"potentialAction\":[{\"@type\":\"ReadAction\",\"target\":[\"https:\/\/signalyst.de\/de\/datenschutzbestimmungen-2\/\"]}]},{\"@type\":\"BreadcrumbList\",\"@id\":\"https:\/\/signalyst.de\/de\/datenschutzbestimmungen-2\/#breadcrumb\",\"itemListElement\":[{\"@type\":\"ListItem\",\"position\":1,\"name\":\"Home\",\"item\":\"https:\/\/signalyst.de\/de\/\"},{\"@type\":\"ListItem\",\"position\":2,\"name\":\"Datenschutzbestimmungen\"}]},{\"@type\":\"WebSite\",\"@id\":\"https:\/\/signalyst.de\/de\/#website\",\"url\":\"https:\/\/signalyst.de\/de\/\",\"name\":\"Signalyst GmbH\",\"description\":\"Data and scientific models distilled into clear, actionable insights.\",\"publisher\":{\"@id\":\"https:\/\/signalyst.de\/de\/#organization\"},\"alternateName\":\"Signalyst\",\"potentialAction\":[{\"@type\":\"SearchAction\",\"target\":{\"@type\":\"EntryPoint\",\"urlTemplate\":\"https:\/\/signalyst.de\/de\/?s={search_term_string}\"},\"query-input\":{\"@type\":\"PropertyValueSpecification\",\"valueRequired\":true,\"valueName\":\"search_term_string\"}}],\"inLanguage\":\"de-DE\"},{\"@type\":\"Organization\",\"@id\":\"https:\/\/signalyst.de\/de\/#organization\",\"name\":\"Signalyst GmbH\",\"alternateName\":\"Signalyst\",\"url\":\"https:\/\/signalyst.de\/de\/\",\"logo\":{\"@type\":\"ImageObject\",\"inLanguage\":\"de-DE\",\"@id\":\"https:\/\/signalyst.de\/de\/#\/schema\/logo\/image\/\",\"url\":\"https:\/\/34.89.151.65\/wp-content\/uploads\/2025\/04\/logo-icon.png\",\"contentUrl\":\"https:\/\/34.89.151.65\/wp-content\/uploads\/2025\/04\/logo-icon.png\",\"width\":61,\"height\":40,\"caption\":\"Signalyst GmbH\"},\"image\":{\"@id\":\"https:\/\/signalyst.de\/de\/#\/schema\/logo\/image\/\"}}]}<\/script>\n<!-- \/ Yoast SEO plugin. -->","yoast_head_json":{"title":"Datenschutzbestimmungen - Signalyst GmbH","robots":{"index":"index","follow":"follow","max-snippet":"max-snippet:-1","max-image-preview":"max-image-preview:large","max-video-preview":"max-video-preview:-1"},"canonical":"https:\/\/signalyst.de\/de\/datenschutzbestimmungen-2\/","og_locale":"de_DE","og_type":"article","og_title":"Datenschutzbestimmungen - Signalyst GmbH","og_description":"Datenschutzbestimmungen 1. Einleitung Die Signalyst GmbH (im Folgenden \u201ewir\u201c oder \u201euns\u201c genannt) nimmt den Schutz Ihrer pers\u00f6nlichen Daten sehr ernst. Wir behandeln Ihre personenbezogenen Daten vertraulich und entsprechend der gesetzlichen Datenschutzvorschriften sowie dieser Datenschutzerkl\u00e4rung. Die Nutzung unserer Webseite ist in der Regel ohne Angabe personenbezogener Daten m\u00f6glich. Soweit auf unseren Seiten personenbezogene Daten erhoben werden, [&hellip;]","og_url":"https:\/\/signalyst.de\/de\/datenschutzbestimmungen-2\/","og_site_name":"Signalyst GmbH","article_modified_time":"2025-04-14T20:36:30+00:00","twitter_card":"summary_large_image","twitter_misc":{"Est. reading time":"5 minutes"},"schema":{"@context":"https:\/\/schema.org","@graph":[{"@type":"WebPage","@id":"https:\/\/signalyst.de\/de\/datenschutzbestimmungen-2\/","url":"https:\/\/signalyst.de\/de\/datenschutzbestimmungen-2\/","name":"Datenschutzbestimmungen - Signalyst GmbH","isPartOf":{"@id":"https:\/\/signalyst.de\/de\/#website"},"datePublished":"2025-04-07T16:08:14+00:00","dateModified":"2025-04-14T20:36:30+00:00","breadcrumb":{"@id":"https:\/\/signalyst.de\/de\/datenschutzbestimmungen-2\/#breadcrumb"},"inLanguage":"de-DE","potentialAction":[{"@type":"ReadAction","target":["https:\/\/signalyst.de\/de\/datenschutzbestimmungen-2\/"]}]},{"@type":"BreadcrumbList","@id":"https:\/\/signalyst.de\/de\/datenschutzbestimmungen-2\/#breadcrumb","itemListElement":[{"@type":"ListItem","position":1,"name":"Home","item":"https:\/\/signalyst.de\/de\/"},{"@type":"ListItem","position":2,"name":"Datenschutzbestimmungen"}]},{"@type":"WebSite","@id":"https:\/\/signalyst.de\/de\/#website","url":"https:\/\/signalyst.de\/de\/","name":"Signalyst GmbH","description":"Data and scientific models distilled into clear, actionable insights.","publisher":{"@id":"https:\/\/signalyst.de\/de\/#organization"},"alternateName":"Signalyst","potentialAction":[{"@type":"SearchAction","target":{"@type":"EntryPoint","urlTemplate":"https:\/\/signalyst.de\/de\/?s={search_term_string}"},"query-input":{"@type":"PropertyValueSpecification","valueRequired":true,"valueName":"search_term_string"}}],"inLanguage":"de-DE"},{"@type":"Organization","@id":"https:\/\/signalyst.de\/de\/#organization","name":"Signalyst GmbH","alternateName":"Signalyst","url":"https:\/\/signalyst.de\/de\/","logo":{"@type":"ImageObject","inLanguage":"de-DE","@id":"https:\/\/signalyst.de\/de\/#\/schema\/logo\/image\/","url":"https:\/\/34.89.151.65\/wp-content\/uploads\/2025\/04\/logo-icon.png","contentUrl":"https:\/\/34.89.151.65\/wp-content\/uploads\/2025\/04\/logo-icon.png","width":61,"height":40,"caption":"Signalyst GmbH"},"image":{"@id":"https:\/\/signalyst.de\/de\/#\/schema\/logo\/image\/"}}]}},"_links":{"self":[{"href":"https:\/\/signalyst.de\/de\/wp-json\/wp\/v2\/pages\/84","targetHints":{"allow":["GET"]}}],"collection":[{"href":"https:\/\/signalyst.de\/de\/wp-json\/wp\/v2\/pages"}],"about":[{"href":"https:\/\/signalyst.de\/de\/wp-json\/wp\/v2\/types\/page"}],"author":[{"embeddable":true,"href":"https:\/\/signalyst.de\/de\/wp-json\/wp\/v2\/users\/2"}],"replies":[{"embeddable":true,"href":"https:\/\/signalyst.de\/de\/wp-json\/wp\/v2\/comments?post=84"}],"version-history":[{"count":2,"href":"https:\/\/signalyst.de\/de\/wp-json\/wp\/v2\/pages\/84\/revisions"}],"predecessor-version":[{"id":149,"href":"https:\/\/signalyst.de\/de\/wp-json\/wp\/v2\/pages\/84\/revisions\/149"}],"wp:attachment":[{"href":"https:\/\/signalyst.de\/de\/wp-json\/wp\/v2\/media?parent=84"}],"curies":[{"name":"wp","href":"https:\/\/api.w.org\/{rel}","templated":true}]}}